{"id":756,"date":"2026-02-16T16:09:28","date_gmt":"2026-02-16T16:09:28","guid":{"rendered":"https:\/\/bufetecaldentey.com\/?page_id=756"},"modified":"2026-02-25T09:17:30","modified_gmt":"2026-02-25T09:17:30","slug":"politica-de-cookies","status":"publish","type":"page","link":"https:\/\/bufetecaldentey.com\/de\/politica-de-cookies\/","title":{"rendered":"Cookies-Politik"},"content":{"rendered":"<div class=\"wp-block-cover alignfull bloque-cabecera-otros\" style=\"min-height:100px;aspect-ratio:unset;\"><img loading=\"lazy\" decoding=\"async\" width=\"1024\" height=\"683\" class=\"wp-block-cover__image-background wp-image-95 size-large\" alt=\"\" src=\"https:\/\/bufetecaldentey.com\/wp-content\/uploads\/2026\/02\/4-2-1024x683.png\" style=\"object-position:47% 7%\" data-object-fit=\"cover\" data-object-position=\"47% 7%\" srcset=\"https:\/\/bufetecaldentey.com\/wp-content\/uploads\/2026\/02\/4-2-1024x683.png 1024w, https:\/\/bufetecaldentey.com\/wp-content\/uploads\/2026\/02\/4-2-300x200.png 300w, https:\/\/bufetecaldentey.com\/wp-content\/uploads\/2026\/02\/4-2-768x512.png 768w, https:\/\/bufetecaldentey.com\/wp-content\/uploads\/2026\/02\/4-2.png 1500w\" sizes=\"auto, (max-width: 1024px) 100vw, 1024px\" \/><span aria-hidden=\"true\" class=\"wp-block-cover__background has-background-dim-0 has-background-dim\"><\/span><div class=\"wp-block-cover__inner-container is-layout-flow wp-block-cover-is-layout-flow\">\n<div class=\"wp-block-group alignfull is-style-default has-small-font-size\"><div class=\"wp-block-group__inner-container is-layout-flow wp-block-group-is-layout-flow\">\n<div class=\"wp-block-columns is-layout-flex wp-container-core-columns-is-layout-9d6595d7 wp-block-columns-is-layout-flex\">\n<div class=\"wp-block-column is-layout-flow wp-block-column-is-layout-flow\">\n<div style=\"height:280px\" aria-hidden=\"true\" class=\"wp-block-spacer\"><\/div>\n\n\n\n<div class=\"wp-block-columns is-layout-flex wp-container-core-columns-is-layout-9d6595d7 wp-block-columns-is-layout-flex\">\n<div class=\"wp-block-column is-layout-flow wp-block-column-is-layout-flow\" style=\"flex-basis:100%\">\n<div class=\"wp-block-columns is-layout-flex wp-container-core-columns-is-layout-9d6595d7 wp-block-columns-is-layout-flex\">\n<div class=\"wp-block-column div-texto-vertical is-layout-flow wp-block-column-is-layout-flow\" style=\"flex-basis:5%\"><\/div>\n\n\n\n<div class=\"wp-block-column is-layout-flow wp-block-column-is-layout-flow\" style=\"flex-basis:99%\">\n<p class=\"aktivgroteskexlight encabezado-cabecera mobile-margin-left-25\" style=\"font-size:80px\">Cookies-Politik<\/p>\n<\/div>\n<\/div>\n<\/div>\n\n\n\n<div class=\"wp-block-column is-vertically-aligned-bottom div-25anos is-layout-flow wp-block-column-is-layout-flow\" style=\"flex-basis:20%\"><\/div>\n<\/div>\n<\/div>\n<\/div>\n<\/div><\/div>\n\n\n\n<div style=\"height:5px\" aria-hidden=\"true\" class=\"wp-block-spacer\"><\/div>\n<\/div><\/div>\n\n\n\n<div style=\"height:50px\" aria-hidden=\"true\" class=\"wp-block-spacer\"><\/div>\n\n\n\n<p>Diese Richtlinie erl\u00e4utert die Verwendung von Cookies und \u00e4hnlichen Technologien auf der Website. Verantwortlich daf\u00fcr ist BUFETE TRIBUTARIO DE BALEARES S.L. (Kontakt: bufete@bufetecaldentey.com).<\/p>\n\n\n\n<p class=\"has-medium-font-size\"><strong>1. Was sind Cookies?<\/strong><\/p>\n\n\n\n<p>Dateien, die auf das Ger\u00e4t des Benutzers heruntergeladen werden, um Informationen f\u00fcr technische, personalisierte, analytische oder Werbezwecke zu speichern\/abzurufen. Wir verwenden auch gleichwertige Technologien (lokaler Speicher, Pixel).<\/p>\n\n\n\n<p class=\"has-medium-font-size\"><strong>2. Arten von Cookies, die verwendet werden k\u00f6nnen <\/strong><\/p>\n\n\n\n<p>\u2022 Technisch erforderlich: Diese Cookies gew\u00e4hrleisten die grundlegende Funktionsf\u00e4higkeit der Website. <\/p>\n\n\n\n<p>\u2022 Einstellungen oder Personalisierung: Speichern die Optionen des Benutzers. \u2022 Analyse oder Messung: Erm\u00f6glichen die Bewertung der Nutzung und Leistung der Website. <\/p>\n\n\n\n<p>\u2022 Von Dritten: von integrierten externen Anbietern eingerichtet (z. B. Karten, Videos, Analysen).<\/p>\n\n\n\n<p class=\"has-medium-font-size\"><strong>3. Verwaltung der Einwilligung<\/strong><\/p>\n\n\n\n<p>Der Nutzer kann nicht unbedingt erforderliche Cookies \u00fcber das Banner\/Einstellungsfeld, das beim Aufrufen der Website angezeigt wird, akzeptieren oder ablehnen und seine Auswahl jederzeit \u00e4ndern.<\/p>\n\n\n\n<p class=\"has-medium-font-size\"><strong>4. So deaktivieren Sie Cookies in Ihrem Browser<\/strong><\/p>\n\n\n\n<p>Sie k\u00f6nnen Cookies \u00fcber die Einstellungen Ihres Browsers (Chrome, Firefox, Safari, Edge) zulassen, blockieren oder l\u00f6schen.<\/p>\n\n\n\n<p class=\"has-medium-font-size\"><strong>5. Liste der Cookies<\/strong><\/p>\n\n\n\n<p>Die konkrete Beziehung h\u00e4ngt von der endg\u00fcltigen Konfiguration der Website und den tats\u00e4chlich integrierten Tools ab (z. B. Google Analytics, reCAPTCHA, Google Maps, YouTube, externe Quellen usw.). F\u00fcr jedes Cookie werden Anbieter, Zweck, Dauer, Typ und die Frage, ob eine internationale \u00dcbertragung erfolgt, angegeben.<\/p>\n\n\n\n<p class=\"has-medium-font-size\"><strong>6. Internationale \u00dcbermittlungen aufgrund der Verwendung von Cookies<\/strong><\/p>\n\n\n\n<p>Bei der Beauftragung von Dienstleistern au\u00dferhalb des EWR trifft die Kanzlei geeignete Garantien (Standardvertragsklauseln oder andere g\u00fcltige Mechanismen) und gegebenenfalls erg\u00e4nzende Ma\u00dfnahmen.<\/p>\n\n\n\n<div style=\"height:100px\" aria-hidden=\"true\" class=\"wp-block-spacer\"><\/div>","protected":false},"excerpt":{"rendered":"<p>Esta Pol\u00edtica explica el uso de cookies y tecnolog\u00edas similares en el Sitio Web. El responsable es BUFETE TRIBUTARIO DE BALEARES S.L. (contacto: bufete@bufetecaldentey.com). 1. \u00bfQu\u00e9 son las cookies? Ficheros que se descargan en el dispositivo del usuario para almacenar\/recuperar informaci\u00f3n con fines t\u00e9cnicos, de personalizaci\u00f3n, anal\u00edticos o publicitarios. Tambi\u00e9n empleamos tecnolog\u00edas equivalentes (local storage,&#8230;<\/p>","protected":false},"author":2,"featured_media":0,"parent":0,"menu_order":0,"comment_status":"closed","ping_status":"closed","template":"","meta":{"_kad_post_transparent":"","_kad_post_title":"","_kad_post_layout":"","_kad_post_sidebar_id":"","_kad_post_content_style":"","_kad_post_vertical_padding":"","_kad_post_feature":"","_kad_post_feature_position":"","_kad_post_header":false,"_kad_post_footer":false,"_kad_post_classname":"","footnotes":""},"class_list":["post-756","page","type-page","status-publish","hentry"],"_links":{"self":[{"href":"https:\/\/bufetecaldentey.com\/de\/wp-json\/wp\/v2\/pages\/756","targetHints":{"allow":["GET"]}}],"collection":[{"href":"https:\/\/bufetecaldentey.com\/de\/wp-json\/wp\/v2\/pages"}],"about":[{"href":"https:\/\/bufetecaldentey.com\/de\/wp-json\/wp\/v2\/types\/page"}],"author":[{"embeddable":true,"href":"https:\/\/bufetecaldentey.com\/de\/wp-json\/wp\/v2\/users\/2"}],"replies":[{"embeddable":true,"href":"https:\/\/bufetecaldentey.com\/de\/wp-json\/wp\/v2\/comments?post=756"}],"version-history":[{"count":2,"href":"https:\/\/bufetecaldentey.com\/de\/wp-json\/wp\/v2\/pages\/756\/revisions"}],"predecessor-version":[{"id":782,"href":"https:\/\/bufetecaldentey.com\/de\/wp-json\/wp\/v2\/pages\/756\/revisions\/782"}],"wp:attachment":[{"href":"https:\/\/bufetecaldentey.com\/de\/wp-json\/wp\/v2\/media?parent=756"}],"curies":[{"name":"wp","href":"https:\/\/api.w.org\/{rel}","templated":true}]}}