{"id":759,"date":"2026-02-16T16:12:11","date_gmt":"2026-02-16T16:12:11","guid":{"rendered":"https:\/\/bufetecaldentey.com\/?page_id=759"},"modified":"2026-02-25T09:18:26","modified_gmt":"2026-02-25T09:18:26","slug":"aviso-legal","status":"publish","type":"page","link":"https:\/\/bufetecaldentey.com\/de\/aviso-legal\/","title":{"rendered":"Rechtlicher Hinweis"},"content":{"rendered":"<div class=\"wp-block-cover alignfull bloque-cabecera-otros\" style=\"min-height:100px;aspect-ratio:unset;\"><img loading=\"lazy\" decoding=\"async\" width=\"1024\" height=\"683\" class=\"wp-block-cover__image-background wp-image-95 size-large\" alt=\"\" src=\"https:\/\/bufetecaldentey.com\/wp-content\/uploads\/2026\/02\/4-2-1024x683.png\" style=\"object-position:47% 7%\" data-object-fit=\"cover\" data-object-position=\"47% 7%\" srcset=\"https:\/\/bufetecaldentey.com\/wp-content\/uploads\/2026\/02\/4-2-1024x683.png 1024w, https:\/\/bufetecaldentey.com\/wp-content\/uploads\/2026\/02\/4-2-300x200.png 300w, https:\/\/bufetecaldentey.com\/wp-content\/uploads\/2026\/02\/4-2-768x512.png 768w, https:\/\/bufetecaldentey.com\/wp-content\/uploads\/2026\/02\/4-2.png 1500w\" sizes=\"auto, (max-width: 1024px) 100vw, 1024px\" \/><span aria-hidden=\"true\" class=\"wp-block-cover__background has-background-dim-0 has-background-dim\"><\/span><div class=\"wp-block-cover__inner-container is-layout-flow wp-block-cover-is-layout-flow\">\n<div class=\"wp-block-group alignfull is-style-default has-small-font-size\"><div class=\"wp-block-group__inner-container is-layout-flow wp-block-group-is-layout-flow\">\n<div class=\"wp-block-columns is-layout-flex wp-container-core-columns-is-layout-9d6595d7 wp-block-columns-is-layout-flex\">\n<div class=\"wp-block-column is-layout-flow wp-block-column-is-layout-flow\">\n<div style=\"height:280px\" aria-hidden=\"true\" class=\"wp-block-spacer\"><\/div>\n\n\n\n<div class=\"wp-block-columns is-layout-flex wp-container-core-columns-is-layout-9d6595d7 wp-block-columns-is-layout-flex\">\n<div class=\"wp-block-column is-layout-flow wp-block-column-is-layout-flow\" style=\"flex-basis:100%\">\n<div class=\"wp-block-columns is-layout-flex wp-container-core-columns-is-layout-9d6595d7 wp-block-columns-is-layout-flex\">\n<div class=\"wp-block-column div-texto-vertical is-layout-flow wp-block-column-is-layout-flow\" style=\"flex-basis:5%\"><\/div>\n\n\n\n<div class=\"wp-block-column is-layout-flow wp-block-column-is-layout-flow\" style=\"flex-basis:99%\">\n<p class=\"aktivgroteskexlight encabezado-cabecera mobile-margin-left-25\" style=\"font-size:80px\">Rechtlicher Hinweis<\/p>\n<\/div>\n<\/div>\n<\/div>\n\n\n\n<div class=\"wp-block-column is-vertically-aligned-bottom div-25anos is-layout-flow wp-block-column-is-layout-flow\" style=\"flex-basis:20%\"><\/div>\n<\/div>\n<\/div>\n<\/div>\n<\/div><\/div>\n\n\n\n<div style=\"height:5px\" aria-hidden=\"true\" class=\"wp-block-spacer\"><\/div>\n<\/div><\/div>\n\n\n\n<div style=\"height:50px\" aria-hidden=\"true\" class=\"wp-block-spacer\"><\/div>\n\n\n\n<p>Inhaber der Website: BUFETE TRIBUTARIO DE BALEARES S.L. (CIF B57241762), Sitz Pasaje Galer\u00edas Jaime III, 2 \u2013 7E, 07012, Palma (Illes Balears), E-Mail bufete@bufetecaldentey.com. Der Zugriff auf und die Nutzung von bufetecaldentey.com begr\u00fcndet die Eigenschaft als Nutzer und setzt die Annahme der vorliegenden Bedingungen voraus.<\/p>\n\n\n\n<p class=\"has-medium-font-size\"><strong>1. Gegenstand<\/strong><\/p>\n\n\n\n<p>Bereitstellung von Unternehmensinformationen \u00fcber die Dienstleistungen der Kanzlei und Erleichterung der Kommunikation mit potenziellen Kunden, Kunden, Lieferanten, Bewerbern und Dritten.<\/p>\n\n\n\n<p class=\"has-medium-font-size\"><strong>2. Nutzungsbedingungen <\/strong><\/p>\n\n\n\n<p>\u2022 Sorgf\u00e4ltige, korrekte und rechtm\u00e4\u00dfige Nutzung der Website. <\/p>\n\n\n\n<p>\u2022 Verbot der Einbringung von Malware, b\u00f6sartigen Links oder illegalen, beleidigenden oder die Rechte Dritter verletzenden Inhalten. <\/p>\n\n\n\n<p>\u2022 Einhaltung der implementierten Sicherheitsma\u00dfnahmen und des Kommunikationsnetzwerks.<\/p>\n\n\n\n<p class=\"has-medium-font-size\"><strong>3. Geistiges und gewerbliches Eigentum<\/strong><\/p>\n\n\n\n<p>Alle Inhalte (Texte, Bilder, Logos, Design, Software) sind Eigentum der Kanzlei oder ihrer Lizenzgeber und sind gesch\u00fctzt. Ihre Vervielf\u00e4ltigung, Verbreitung, \u00f6ffentliche Wiedergabe oder Ver\u00e4nderung ohne ausdr\u00fcckliche Genehmigung ist untersagt.<\/p>\n\n\n\n<p class=\"has-medium-font-size\"><strong>4. Externe Links<\/strong><\/p>\n\n\n\n<p>Links zu Websites Dritter werden zu Informationszwecken bereitgestellt. Die Kanzlei \u00fcbernimmt keine Verantwortung f\u00fcr deren Inhalte oder Verf\u00fcgbarkeit.<\/p>\n\n\n\n<p class=\"has-medium-font-size\"><strong>5. Haftungsbeschr\u00e4nkung<\/strong><\/p>\n\n\n\n<p>Die Kanzlei garantiert nicht, dass es zu keinen Unterbrechungen oder Fehlern beim Zugriff kommt, wird jedoch die erforderlichen Ma\u00dfnahmen zu deren Behebung ergreifen. Der Nutzer ist f\u00fcr die Verwendung der Informationen auf der Website verantwortlich.<\/p>\n\n\n\n<p class=\"has-medium-font-size\"><strong>6. Datenschutz<\/strong><\/p>\n\n\n\n<p>Die Verarbeitung personenbezogener Daten unterliegt der auf der Website ver\u00f6ffentlichten Datenschutzerkl\u00e4rung.<\/p>\n\n\n\n<p class=\"has-medium-font-size\"><strong>7. \u00c4nderungen<\/strong><\/p>\n\n\n\n<p>Die Kanzlei kann den Inhalt, das Design oder die Konfiguration der Website und die vorliegenden Bedingungen ohne vorherige Ank\u00fcndigung \u00e4ndern, indem sie die neue Version auf der Website ver\u00f6ffentlicht.<\/p>\n\n\n\n<p class=\"has-medium-font-size\"><strong>8. Anwendbares Recht und Gerichtsbarkeit<\/strong><\/p>\n\n\n\n<p>Die vorliegenden Bedingungen unterliegen spanischem Recht. Sofern keine zwingenden gegenteiligen Vorschriften bestehen, unterwerfen sich die Parteien den Gerichten von Palma de Mallorca.<\/p>\n\n\n\n<div style=\"height:100px\" aria-hidden=\"true\" class=\"wp-block-spacer\"><\/div>","protected":false},"excerpt":{"rendered":"<p>Titular del Sitio Web: BUFETE TRIBUTARIO DE BALEARES S.L. (CIF B57241762), domicilio Pasaje Galer\u00edas Jaime III, 2 \u2013 7E, 07012, Palma (Illes Balears), correo bufete@bufetecaldentey.com. El acceso y uso de bufetecaldentey.com atribuye la condici\u00f3n de usuario e implica la aceptaci\u00f3n de los presentes t\u00e9rminos. 1. Objeto Proporcionar informaci\u00f3n corporativa sobre los servicios del Despacho y&#8230;<\/p>","protected":false},"author":2,"featured_media":0,"parent":0,"menu_order":0,"comment_status":"closed","ping_status":"closed","template":"","meta":{"_kad_post_transparent":"","_kad_post_title":"","_kad_post_layout":"","_kad_post_sidebar_id":"","_kad_post_content_style":"","_kad_post_vertical_padding":"","_kad_post_feature":"","_kad_post_feature_position":"","_kad_post_header":false,"_kad_post_footer":false,"_kad_post_classname":"","footnotes":""},"class_list":["post-759","page","type-page","status-publish","hentry"],"_links":{"self":[{"href":"https:\/\/bufetecaldentey.com\/de\/wp-json\/wp\/v2\/pages\/759","targetHints":{"allow":["GET"]}}],"collection":[{"href":"https:\/\/bufetecaldentey.com\/de\/wp-json\/wp\/v2\/pages"}],"about":[{"href":"https:\/\/bufetecaldentey.com\/de\/wp-json\/wp\/v2\/types\/page"}],"author":[{"embeddable":true,"href":"https:\/\/bufetecaldentey.com\/de\/wp-json\/wp\/v2\/users\/2"}],"replies":[{"embeddable":true,"href":"https:\/\/bufetecaldentey.com\/de\/wp-json\/wp\/v2\/comments?post=759"}],"version-history":[{"count":2,"href":"https:\/\/bufetecaldentey.com\/de\/wp-json\/wp\/v2\/pages\/759\/revisions"}],"predecessor-version":[{"id":783,"href":"https:\/\/bufetecaldentey.com\/de\/wp-json\/wp\/v2\/pages\/759\/revisions\/783"}],"wp:attachment":[{"href":"https:\/\/bufetecaldentey.com\/de\/wp-json\/wp\/v2\/media?parent=759"}],"curies":[{"name":"wp","href":"https:\/\/api.w.org\/{rel}","templated":true}]}}