{"id":360,"date":"2026-02-11T14:13:41","date_gmt":"2026-02-11T14:13:41","guid":{"rendered":"https:\/\/bufetecaldentey.com\/?page_id=360"},"modified":"2026-02-16T18:22:21","modified_gmt":"2026-02-16T18:22:21","slug":"servicios","status":"publish","type":"page","link":"https:\/\/bufetecaldentey.com\/en\/servicios\/","title":{"rendered":"Services"},"content":{"rendered":"<div class=\"wp-block-cover alignfull bloque-cabecera-otros\" style=\"min-height:100px;aspect-ratio:unset;\"><img loading=\"lazy\" decoding=\"async\" width=\"1024\" height=\"683\" class=\"wp-block-cover__image-background wp-image-95 size-large\" alt=\"\" src=\"https:\/\/bufetecaldentey.com\/wp-content\/uploads\/2026\/02\/4-2-1024x683.png\" style=\"object-position:47% 7%\" data-object-fit=\"cover\" data-object-position=\"47% 7%\" srcset=\"https:\/\/bufetecaldentey.com\/wp-content\/uploads\/2026\/02\/4-2-1024x683.png 1024w, https:\/\/bufetecaldentey.com\/wp-content\/uploads\/2026\/02\/4-2-300x200.png 300w, https:\/\/bufetecaldentey.com\/wp-content\/uploads\/2026\/02\/4-2-768x512.png 768w, https:\/\/bufetecaldentey.com\/wp-content\/uploads\/2026\/02\/4-2.png 1500w\" sizes=\"auto, (max-width: 1024px) 100vw, 1024px\" \/><span aria-hidden=\"true\" class=\"wp-block-cover__background has-background-dim-0 has-background-dim\"><\/span><div class=\"wp-block-cover__inner-container is-layout-flow wp-block-cover-is-layout-flow\">\n<div class=\"wp-block-group alignfull is-style-default has-small-font-size\"><div class=\"wp-block-group__inner-container is-layout-flow wp-block-group-is-layout-flow\">\n<div class=\"wp-block-columns is-layout-flex wp-container-core-columns-is-layout-9d6595d7 wp-block-columns-is-layout-flex\">\n<div class=\"wp-block-column is-layout-flow wp-block-column-is-layout-flow\">\n<div style=\"height:320px\" aria-hidden=\"true\" class=\"wp-block-spacer\"><\/div>\n\n\n\n<div class=\"wp-block-columns is-layout-flex wp-container-core-columns-is-layout-9d6595d7 wp-block-columns-is-layout-flex\">\n<div class=\"wp-block-column is-layout-flow wp-block-column-is-layout-flow\" style=\"flex-basis:80%\">\n<div class=\"wp-block-columns is-layout-flex wp-container-core-columns-is-layout-9d6595d7 wp-block-columns-is-layout-flex\">\n<div class=\"wp-block-column div-texto-vertical is-layout-flow wp-block-column-is-layout-flow\" style=\"flex-basis:4%\"><\/div>\n\n\n\n<div class=\"wp-block-column is-layout-flow wp-block-column-is-layout-flow\" style=\"flex-basis:95%\">\n<p class=\"aktivgroteskexlight encabezado-cabecera mobile-margin-left-25\" style=\"font-size:80px\">SERVICES<\/p>\n<\/div>\n<\/div>\n<\/div>\n\n\n\n<div class=\"wp-block-column is-vertically-aligned-bottom div-25anos is-layout-flow wp-block-column-is-layout-flow\" style=\"flex-basis:5%\"><\/div>\n<\/div>\n<\/div>\n<\/div>\n<\/div><\/div>\n\n\n\n<div style=\"height:5px\" aria-hidden=\"true\" class=\"wp-block-spacer\"><\/div>\n<\/div><\/div>\n\n\n\n<div class=\"wp-block-columns bloque-servicios is-layout-flex wp-container-core-columns-is-layout-9d6595d7 wp-block-columns-is-layout-flex\">\n<div class=\"wp-block-column is-layout-flow wp-block-column-is-layout-flow\">\n<div class=\"wp-block-columns are-vertically-aligned-center margin-top-menos25 margin-bottom-0 div-bloque-servicio-blanco is-layout-flex wp-container-core-columns-is-layout-88098167 wp-block-columns-is-layout-flex\" style=\"padding-right:var(--wp--preset--spacing--30);padding-left:var(--wp--preset--spacing--30)\">\n<div class=\"wp-block-column is-vertically-aligned-center marco-imagen-3 has-text-color has-link-color wp-elements-f5b700a2384e6ffa9de1c6bd3c8ca4ed is-layout-flow wp-block-column-is-layout-flow\" style=\"border-style:none;border-width:0px;color:#4b4a4c;padding-top:0;padding-right:0;padding-bottom:0;flex-basis:44%\">\n<div class=\"wp-block-group\"><div class=\"wp-block-group__inner-container is-layout-constrained wp-block-group-is-layout-constrained\"><div class=\"wp-block-image\">\n<figure class=\"aligncenter size-large is-resized\"><img loading=\"lazy\" decoding=\"async\" width=\"576\" height=\"1024\" src=\"https:\/\/bufetecaldentey.com\/wp-content\/uploads\/2026\/02\/1-2-576x1024.png\" alt=\"\" class=\"wp-image-388\" style=\"width:auto;height:500px\" srcset=\"https:\/\/bufetecaldentey.com\/wp-content\/uploads\/2026\/02\/1-2-576x1024.png 576w, https:\/\/bufetecaldentey.com\/wp-content\/uploads\/2026\/02\/1-2-169x300.png 169w, https:\/\/bufetecaldentey.com\/wp-content\/uploads\/2026\/02\/1-2-768x1365.png 768w, https:\/\/bufetecaldentey.com\/wp-content\/uploads\/2026\/02\/1-2-864x1536.png 864w, https:\/\/bufetecaldentey.com\/wp-content\/uploads\/2026\/02\/1-2.png 1080w\" sizes=\"auto, (max-width: 576px) 100vw, 576px\" \/><\/figure>\n<\/div><\/div><\/div>\n<\/div>\n\n\n\n<div class=\"wp-block-column is-vertically-aligned-center div-textos-servicios-blanco is-layout-flow wp-block-column-is-layout-flow\" style=\"flex-basis:52%\">\n<p class=\"muli mobile-header-servicios has-text-color has-link-color wp-elements-e1c0df5f2012e55f49c61d6f26d89def\" style=\"color:#b28080;font-size:40px;font-style:normal;font-weight:400\">FISCAL<\/p>\n\n\n\n<p class=\"muli has-text-color has-link-color wp-elements-39b23974671d51e0f1f3f706a36e12c5\" style=\"color:#b28080;font-size:17px;font-style:normal;font-weight:400\"><strong>Tax consultancy for individuals and companies in Mallorca.<\/strong><\/p>\n\n\n\n<p class=\"muli p-sangria has-text-color has-link-color wp-elements-6f6cedfd0c687bea4d00e3e93e433da4\" style=\"color:#b28080;font-size:17px;font-style:normal;font-weight:400\">At Bufete Caldentey we offer tax planning, tax optimisation and complete management of your tax obligations. We prepare and review tax models, study your situation to improve results and coordinate operations with fiscal impact. <br><strong>Effective tax solutions to maximise your peace of mind and resources.<\/strong><\/p>\n<\/div>\n<\/div>\n<\/div>\n<\/div>\n\n\n\n<div class=\"wp-block-cover alignfull\"><img loading=\"lazy\" decoding=\"async\" width=\"1024\" height=\"683\" class=\"wp-block-cover__image-background wp-image-95 size-large\" alt=\"\" src=\"https:\/\/bufetecaldentey.com\/wp-content\/uploads\/2026\/02\/4-2-1024x683.png\" data-object-fit=\"cover\" srcset=\"https:\/\/bufetecaldentey.com\/wp-content\/uploads\/2026\/02\/4-2-1024x683.png 1024w, https:\/\/bufetecaldentey.com\/wp-content\/uploads\/2026\/02\/4-2-300x200.png 300w, https:\/\/bufetecaldentey.com\/wp-content\/uploads\/2026\/02\/4-2-768x512.png 768w, https:\/\/bufetecaldentey.com\/wp-content\/uploads\/2026\/02\/4-2.png 1500w\" sizes=\"auto, (max-width: 1024px) 100vw, 1024px\" \/><span aria-hidden=\"true\" class=\"wp-block-cover__background has-background-dim\" style=\"background-color:#69696a\"><\/span><div class=\"wp-block-cover__inner-container is-layout-flow wp-block-cover-is-layout-flow\">\n<div class=\"wp-block-group\"><div class=\"wp-block-group__inner-container is-layout-constrained wp-block-group-is-layout-constrained\">\n<div class=\"wp-block-group\"><div class=\"wp-block-group__inner-container is-layout-constrained wp-block-group-is-layout-constrained\">\n<div class=\"wp-block-columns bloque-servicios-2 is-layout-flex wp-container-core-columns-is-layout-9d6595d7 wp-block-columns-is-layout-flex\">\n<div class=\"wp-block-column is-layout-flow wp-block-column-is-layout-flow\">\n<div class=\"wp-block-columns are-vertically-aligned-center margin-bottom-0 is-layout-flex wp-container-core-columns-is-layout-88098167 wp-block-columns-is-layout-flex\" style=\"padding-right:var(--wp--preset--spacing--30);padding-left:var(--wp--preset--spacing--30)\">\n<div class=\"wp-block-column is-vertically-aligned-center is-layout-flow wp-block-column-is-layout-flow\" style=\"flex-basis:52%\">\n<div class=\"wp-block-columns is-layout-flex wp-container-core-columns-is-layout-9d6595d7 wp-block-columns-is-layout-flex\">\n<div class=\"wp-block-column div-center is-layout-flow wp-block-column-is-layout-flow\" style=\"flex-basis:85%\">\n<p class=\"muli mobile-header-servicios has-theme-palette-9-color has-text-color has-link-color wp-elements-45d391c0e303b63277cf1336fdbd39b9\" style=\"font-size:40px;font-style:normal;font-weight:400\">LEGAL<\/p>\n\n\n\n<p class=\"muli has-theme-palette-9-color has-text-color has-link-color wp-elements-3304613415de6ee3c200621599d69204\" style=\"font-size:17px;font-style:normal;font-weight:400\"><strong>Specialised legal advice in Mallorca.<\/strong><\/p>\n\n\n\n<p class=\"muli p-sangria has-theme-palette-9-color has-text-color has-link-color wp-elements-58b5f0ba2408a818745845d981930f1e translation-block\" style=\"font-size:17px;font-style:normal;font-weight:400\">Our team of lawyers offers defence and representation in civil liability, insurance, real estate law and administrative procedures. We handle claims, contractual disputes, accidents, inheritances, leases and disputes with communities or administrations. <br><strong>We protect your rights with legal rigour and close support. <\/strong><\/p>\n<\/div>\n<\/div>\n<\/div>\n\n\n\n<div class=\"wp-block-column is-vertically-aligned-center marco-imagen-3 has-text-color has-link-color wp-elements-7207d18edee963c226f1bec51c7a4ab6 is-layout-flow wp-block-column-is-layout-flow\" style=\"border-style:none;border-width:0px;color:#4b4a4c;padding-top:0;padding-right:0;padding-bottom:0;flex-basis:44%\">\n<div class=\"wp-block-group\"><div class=\"wp-block-group__inner-container is-layout-constrained wp-block-group-is-layout-constrained\"><div class=\"wp-block-image\">\n<figure class=\"aligncenter size-large is-resized\"><img loading=\"lazy\" decoding=\"async\" width=\"576\" height=\"1024\" src=\"https:\/\/bufetecaldentey.com\/wp-content\/uploads\/2026\/02\/6-576x1024.png\" alt=\"\" class=\"wp-image-414\" style=\"width:auto;height:500px\" srcset=\"https:\/\/bufetecaldentey.com\/wp-content\/uploads\/2026\/02\/6-576x1024.png 576w, https:\/\/bufetecaldentey.com\/wp-content\/uploads\/2026\/02\/6-169x300.png 169w, https:\/\/bufetecaldentey.com\/wp-content\/uploads\/2026\/02\/6-768x1365.png 768w, https:\/\/bufetecaldentey.com\/wp-content\/uploads\/2026\/02\/6-864x1536.png 864w, https:\/\/bufetecaldentey.com\/wp-content\/uploads\/2026\/02\/6.png 1080w\" sizes=\"auto, (max-width: 576px) 100vw, 576px\" \/><\/figure>\n<\/div><\/div><\/div>\n<\/div>\n<\/div>\n<\/div>\n<\/div>\n<\/div><\/div>\n<\/div><\/div>\n<\/div><\/div>\n\n\n\n<div class=\"wp-block-columns bloque-servicios is-layout-flex wp-container-core-columns-is-layout-9d6595d7 wp-block-columns-is-layout-flex\">\n<div class=\"wp-block-column is-layout-flow wp-block-column-is-layout-flow\">\n<div class=\"wp-block-columns are-vertically-aligned-center margin-top-menos25 margin-bottom-0 div-bloque-servicio-blanco is-layout-flex wp-container-core-columns-is-layout-88098167 wp-block-columns-is-layout-flex\" style=\"padding-right:var(--wp--preset--spacing--30);padding-left:var(--wp--preset--spacing--30)\">\n<div class=\"wp-block-column is-vertically-aligned-center marco-imagen-3 has-text-color has-link-color wp-elements-a3a2f5df24ccb92c843e4b684338ad17 is-layout-flow wp-block-column-is-layout-flow\" style=\"border-style:none;border-width:0px;color:#4b4a4c;padding-top:0;padding-right:0;padding-bottom:0;flex-basis:44%\">\n<div class=\"wp-block-group\"><div class=\"wp-block-group__inner-container is-layout-constrained wp-block-group-is-layout-constrained\"><div class=\"wp-block-image\">\n<figure class=\"aligncenter size-large is-resized\"><img loading=\"lazy\" decoding=\"async\" width=\"549\" height=\"1024\" src=\"https:\/\/bufetecaldentey.com\/wp-content\/uploads\/2026\/02\/5-2-549x1024.png\" alt=\"\" class=\"wp-image-681\" style=\"width:auto;height:480px\" srcset=\"https:\/\/bufetecaldentey.com\/wp-content\/uploads\/2026\/02\/5-2-549x1024.png 549w, https:\/\/bufetecaldentey.com\/wp-content\/uploads\/2026\/02\/5-2-161x300.png 161w, https:\/\/bufetecaldentey.com\/wp-content\/uploads\/2026\/02\/5-2-768x1433.png 768w, https:\/\/bufetecaldentey.com\/wp-content\/uploads\/2026\/02\/5-2-823x1536.png 823w, https:\/\/bufetecaldentey.com\/wp-content\/uploads\/2026\/02\/5-2.png 1029w\" sizes=\"auto, (max-width: 549px) 100vw, 549px\" \/><\/figure>\n<\/div><\/div><\/div>\n<\/div>\n\n\n\n<div class=\"wp-block-column is-vertically-aligned-center div-textos-servicios-blanco is-layout-flow wp-block-column-is-layout-flow\" style=\"flex-basis:52%\">\n<p class=\"muli mobile-header-servicios has-text-color has-link-color wp-elements-0b8397b8f1f43d0c288694c106dc0452\" style=\"color:#b28080;font-size:40px;font-style:normal;font-weight:400\">LABOUR<\/p>\n\n\n\n<p class=\"muli has-text-color has-link-color wp-elements-9f15e0c248c9904ee7c23d25100fda5d\" style=\"color:#b28080;font-size:17px;font-style:normal;font-weight:400\"><strong>Employment consultancy for companies and freelancers in Mallorca.<\/strong><\/p>\n\n\n\n<p class=\"muli p-sangria has-text-color has-link-color wp-elements-e0d852514be65a363b3804108a027b69\" style=\"color:#b28080;font-size:17px;font-style:normal;font-weight:400\">We manage contracts, payrolls, registrations and cancellations, variations, settlements and Social Security formalities. We also undertake inspections, bonuses, labour audits and salary studies. <br><strong>Optimise your employment structure with legal certainty and cost control.<\/strong><\/p>\n<\/div>\n<\/div>\n<\/div>\n<\/div>\n\n\n\n<div class=\"wp-block-cover alignfull\"><img loading=\"lazy\" decoding=\"async\" width=\"1024\" height=\"683\" class=\"wp-block-cover__image-background wp-image-95 size-large\" alt=\"\" src=\"https:\/\/bufetecaldentey.com\/wp-content\/uploads\/2026\/02\/4-2-1024x683.png\" data-object-fit=\"cover\" srcset=\"https:\/\/bufetecaldentey.com\/wp-content\/uploads\/2026\/02\/4-2-1024x683.png 1024w, https:\/\/bufetecaldentey.com\/wp-content\/uploads\/2026\/02\/4-2-300x200.png 300w, https:\/\/bufetecaldentey.com\/wp-content\/uploads\/2026\/02\/4-2-768x512.png 768w, https:\/\/bufetecaldentey.com\/wp-content\/uploads\/2026\/02\/4-2.png 1500w\" sizes=\"auto, (max-width: 1024px) 100vw, 1024px\" \/><span aria-hidden=\"true\" class=\"wp-block-cover__background has-background-dim\" style=\"background-color:#69696a\"><\/span><div class=\"wp-block-cover__inner-container is-layout-flow wp-block-cover-is-layout-flow\">\n<div class=\"wp-block-group\"><div class=\"wp-block-group__inner-container is-layout-constrained wp-block-group-is-layout-constrained\">\n<div class=\"wp-block-group\"><div class=\"wp-block-group__inner-container is-layout-constrained wp-block-group-is-layout-constrained\">\n<div class=\"wp-block-columns bloque-servicios-2 is-layout-flex wp-container-core-columns-is-layout-9d6595d7 wp-block-columns-is-layout-flex\">\n<div class=\"wp-block-column is-layout-flow wp-block-column-is-layout-flow\">\n<div class=\"wp-block-columns are-vertically-aligned-center margin-bottom-0 is-layout-flex wp-container-core-columns-is-layout-88098167 wp-block-columns-is-layout-flex\" style=\"padding-right:var(--wp--preset--spacing--30);padding-left:var(--wp--preset--spacing--30)\">\n<div class=\"wp-block-column is-vertically-aligned-center is-layout-flow wp-block-column-is-layout-flow\" style=\"flex-basis:52%\">\n<div class=\"wp-block-columns is-layout-flex wp-container-core-columns-is-layout-9d6595d7 wp-block-columns-is-layout-flex\">\n<div class=\"wp-block-column div-center is-layout-flow wp-block-column-is-layout-flow\" style=\"flex-basis:85%\">\n<p class=\"muli mobile-header-servicios has-theme-palette-9-color has-text-color has-link-color wp-elements-736ca0fb99246658fc8ec884e86f4e0a\" style=\"font-size:40px;font-style:normal;font-weight:400\">ACCOUNTANT<\/p>\n\n\n\n<p class=\"muli has-theme-palette-9-color has-text-color has-link-color wp-elements-a645e7f85d8c0e27b618da60d4ccaaa7\" style=\"font-size:17px;font-style:normal;font-weight:400\"><strong>Accounting and financial management for companies in Mallorca.<\/strong><\/p>\n\n\n\n<p class=\"muli p-sangria has-theme-palette-9-color has-text-color has-link-color wp-elements-0e2a6b450d995e4f08467e598e24e485\" style=\"font-size:17px;font-style:normal;font-weight:400\">We offer accurate accounting: balance sheets, ledgers, annual accounts, financial analysis and internal auditing. We support business decision-making with reliable and up-to-date information.<br><strong>Clear and professional accounting to drive your business growth.<\/strong><\/p>\n<\/div>\n<\/div>\n<\/div>\n\n\n\n<div class=\"wp-block-column is-vertically-aligned-center marco-imagen-3 has-text-color has-link-color wp-elements-15df049ede5cd7b1d96df125274677fc is-layout-flow wp-block-column-is-layout-flow\" style=\"border-style:none;border-width:0px;color:#4b4a4c;padding-top:0;padding-right:0;padding-bottom:0;flex-basis:44%\">\n<div class=\"wp-block-group\"><div class=\"wp-block-group__inner-container is-layout-constrained wp-block-group-is-layout-constrained\"><div class=\"wp-block-image\">\n<figure class=\"aligncenter size-large is-resized\"><img loading=\"lazy\" decoding=\"async\" width=\"576\" height=\"1024\" src=\"https:\/\/bufetecaldentey.com\/wp-content\/uploads\/2026\/02\/2-2-576x1024.png\" alt=\"\" class=\"wp-image-432\" style=\"width:auto;height:500px\" srcset=\"https:\/\/bufetecaldentey.com\/wp-content\/uploads\/2026\/02\/2-2-576x1024.png 576w, https:\/\/bufetecaldentey.com\/wp-content\/uploads\/2026\/02\/2-2-169x300.png 169w, https:\/\/bufetecaldentey.com\/wp-content\/uploads\/2026\/02\/2-2-768x1365.png 768w, https:\/\/bufetecaldentey.com\/wp-content\/uploads\/2026\/02\/2-2-864x1536.png 864w, https:\/\/bufetecaldentey.com\/wp-content\/uploads\/2026\/02\/2-2.png 1080w\" sizes=\"auto, (max-width: 576px) 100vw, 576px\" \/><\/figure>\n<\/div><\/div><\/div>\n<\/div>\n<\/div>\n<\/div>\n<\/div>\n<\/div><\/div>\n<\/div><\/div>\n<\/div><\/div>\n\n\n\n<div class=\"wp-block-columns bloque-servicios is-layout-flex wp-container-core-columns-is-layout-9d6595d7 wp-block-columns-is-layout-flex\">\n<div class=\"wp-block-column is-layout-flow wp-block-column-is-layout-flow\">\n<div class=\"wp-block-columns are-vertically-aligned-center margin-top-menos25 margin-bottom-0 div-bloque-servicio-blanco is-layout-flex wp-container-core-columns-is-layout-88098167 wp-block-columns-is-layout-flex\" style=\"padding-right:var(--wp--preset--spacing--30);padding-left:var(--wp--preset--spacing--30)\">\n<div class=\"wp-block-column is-vertically-aligned-center marco-imagen-3 has-text-color has-link-color wp-elements-027cfeaa8d5504ec38ac562d964d7934 is-layout-flow wp-block-column-is-layout-flow\" style=\"border-style:none;border-width:0px;color:#4b4a4c;padding-top:0;padding-right:0;padding-bottom:0;flex-basis:44%\">\n<div class=\"wp-block-group\"><div class=\"wp-block-group__inner-container is-layout-constrained wp-block-group-is-layout-constrained\"><div class=\"wp-block-image\">\n<figure class=\"aligncenter size-large is-resized\"><img loading=\"lazy\" decoding=\"async\" width=\"576\" height=\"1024\" src=\"https:\/\/bufetecaldentey.com\/wp-content\/uploads\/2026\/02\/3-2-576x1024.png\" alt=\"\" class=\"wp-image-435\" style=\"width:auto;height:500px\" srcset=\"https:\/\/bufetecaldentey.com\/wp-content\/uploads\/2026\/02\/3-2-576x1024.png 576w, https:\/\/bufetecaldentey.com\/wp-content\/uploads\/2026\/02\/3-2-169x300.png 169w, https:\/\/bufetecaldentey.com\/wp-content\/uploads\/2026\/02\/3-2-768x1365.png 768w, https:\/\/bufetecaldentey.com\/wp-content\/uploads\/2026\/02\/3-2-864x1536.png 864w, https:\/\/bufetecaldentey.com\/wp-content\/uploads\/2026\/02\/3-2.png 1080w\" sizes=\"auto, (max-width: 576px) 100vw, 576px\" \/><\/figure>\n<\/div><\/div><\/div>\n<\/div>\n\n\n\n<div class=\"wp-block-column is-vertically-aligned-center div-textos-servicios-blanco is-layout-flow wp-block-column-is-layout-flow\" style=\"flex-basis:52%\">\n<p class=\"muli mobile-header-servicios has-text-color has-link-color wp-elements-aa70b80cf47c1b82de4888ff01c10171\" style=\"color:#b28080;font-size:40px;font-style:normal;font-weight:400\">MERCANTILE<\/p>\n\n\n\n<p class=\"muli has-text-color has-link-color wp-elements-c1c8c13de7eac81462aa6bbeb3679a6a\" style=\"color:#b28080;font-size:17px;font-style:normal;font-weight:400\"><strong>Commercial consultancy for companies in Mallorca.<\/strong><\/p>\n\n\n\n<p class=\"muli p-sangria has-text-color has-link-color wp-elements-818cc859b8c7f353b35e35b1c1e6499c\" style=\"color:#b28080;font-size:17px;font-style:normal;font-weight:400\">At Bufete Caldentey we assist you in the incorporation of companies, drafting and notarisation of corporate agreements, appointments, changes of address or corporate purpose and modification of articles of association. We also manage annual mercantile obligations and prepare deeds for the purchase and sale of shares.<br><strong>Legal certainty and efficiency in all your corporate transactions.<\/strong><\/p>\n<\/div>\n<\/div>\n<\/div>\n<\/div>","protected":false},"excerpt":{"rendered":"<p>FISCAL Asesor\u00eda fiscal para particulares y empresas en Mallorca. En Bufete Caldentey te ofrecemos planificaci\u00f3n fiscal, optimizaci\u00f3n de impuestos y gesti\u00f3n completa de tus obligaciones tributarias. Preparamos y revisamos modelos fiscales, estudiamos tu situaci\u00f3n para mejorar resultados y coordinamos operaciones con impacto fiscal. Soluciones fiscales eficaces para maximizar tu tranquilidad y tus recursos. LABORAL Asesor\u00eda&#8230;<\/p>","protected":false},"author":1,"featured_media":0,"parent":0,"menu_order":0,"comment_status":"closed","ping_status":"closed","template":"","meta":{"_kad_post_transparent":"","_kad_post_title":"","_kad_post_layout":"","_kad_post_sidebar_id":"","_kad_post_content_style":"","_kad_post_vertical_padding":"","_kad_post_feature":"","_kad_post_feature_position":"","_kad_post_header":false,"_kad_post_footer":false,"_kad_post_classname":"","footnotes":""},"class_list":["post-360","page","type-page","status-publish","hentry"],"_links":{"self":[{"href":"https:\/\/bufetecaldentey.com\/en\/wp-json\/wp\/v2\/pages\/360","targetHints":{"allow":["GET"]}}],"collection":[{"href":"https:\/\/bufetecaldentey.com\/en\/wp-json\/wp\/v2\/pages"}],"about":[{"href":"https:\/\/bufetecaldentey.com\/en\/wp-json\/wp\/v2\/types\/page"}],"author":[{"embeddable":true,"href":"https:\/\/bufetecaldentey.com\/en\/wp-json\/wp\/v2\/users\/1"}],"replies":[{"embeddable":true,"href":"https:\/\/bufetecaldentey.com\/en\/wp-json\/wp\/v2\/comments?post=360"}],"version-history":[{"count":90,"href":"https:\/\/bufetecaldentey.com\/en\/wp-json\/wp\/v2\/pages\/360\/revisions"}],"predecessor-version":[{"id":769,"href":"https:\/\/bufetecaldentey.com\/en\/wp-json\/wp\/v2\/pages\/360\/revisions\/769"}],"wp:attachment":[{"href":"https:\/\/bufetecaldentey.com\/en\/wp-json\/wp\/v2\/media?parent=360"}],"curies":[{"name":"wp","href":"https:\/\/api.w.org\/{rel}","templated":true}]}}