{"id":438,"date":"2026-02-11T17:24:37","date_gmt":"2026-02-11T17:24:37","guid":{"rendered":"https:\/\/bufetecaldentey.com\/?page_id=438"},"modified":"2026-02-16T17:01:23","modified_gmt":"2026-02-16T17:01:23","slug":"equipo","status":"publish","type":"page","link":"https:\/\/bufetecaldentey.com\/en\/equipo\/","title":{"rendered":"Team"},"content":{"rendered":"<div class=\"wp-block-cover alignfull bloque-cabecera-otros\" style=\"min-height:100px;aspect-ratio:unset;\"><img loading=\"lazy\" decoding=\"async\" width=\"1024\" height=\"683\" class=\"wp-block-cover__image-background wp-image-95 size-large\" alt=\"\" src=\"https:\/\/bufetecaldentey.com\/wp-content\/uploads\/2026\/02\/4-2-1024x683.png\" style=\"object-position:47% 7%\" data-object-fit=\"cover\" data-object-position=\"47% 7%\" srcset=\"https:\/\/bufetecaldentey.com\/wp-content\/uploads\/2026\/02\/4-2-1024x683.png 1024w, https:\/\/bufetecaldentey.com\/wp-content\/uploads\/2026\/02\/4-2-300x200.png 300w, https:\/\/bufetecaldentey.com\/wp-content\/uploads\/2026\/02\/4-2-768x512.png 768w, https:\/\/bufetecaldentey.com\/wp-content\/uploads\/2026\/02\/4-2.png 1500w\" sizes=\"auto, (max-width: 1024px) 100vw, 1024px\" \/><span aria-hidden=\"true\" class=\"wp-block-cover__background has-background-dim-0 has-background-dim\"><\/span><div class=\"wp-block-cover__inner-container is-layout-flow wp-block-cover-is-layout-flow\">\n<div class=\"wp-block-group alignfull is-style-default has-small-font-size\"><div class=\"wp-block-group__inner-container is-layout-flow wp-block-group-is-layout-flow\">\n<div class=\"wp-block-columns is-layout-flex wp-container-core-columns-is-layout-9d6595d7 wp-block-columns-is-layout-flex\">\n<div class=\"wp-block-column is-layout-flow wp-block-column-is-layout-flow\">\n<div style=\"height:320px\" aria-hidden=\"true\" class=\"wp-block-spacer\"><\/div>\n\n\n\n<div class=\"wp-block-columns is-layout-flex wp-container-core-columns-is-layout-9d6595d7 wp-block-columns-is-layout-flex\">\n<div class=\"wp-block-column is-layout-flow wp-block-column-is-layout-flow\" style=\"flex-basis:90%\">\n<div class=\"wp-block-columns is-layout-flex wp-container-core-columns-is-layout-9d6595d7 wp-block-columns-is-layout-flex\">\n<div class=\"wp-block-column div-texto-vertical is-layout-flow wp-block-column-is-layout-flow\" style=\"flex-basis:5%\"><\/div>\n\n\n\n<div class=\"wp-block-column is-layout-flow wp-block-column-is-layout-flow\" style=\"flex-basis:85%\">\n<p class=\"aktivgroteskexlight encabezado-cabecera mobile-margin-left-25\" style=\"font-size:80px\">TEAM<\/p>\n<\/div>\n<\/div>\n<\/div>\n\n\n\n<div class=\"wp-block-column is-vertically-aligned-bottom div-25anos is-layout-flow wp-block-column-is-layout-flow\" style=\"flex-basis:42%\"><\/div>\n<\/div>\n<\/div>\n<\/div>\n<\/div><\/div>\n\n\n\n<div style=\"height:5px\" aria-hidden=\"true\" class=\"wp-block-spacer\"><\/div>\n<\/div><\/div>\n\n\n\n<div style=\"height:50px\" aria-hidden=\"true\" class=\"wp-block-spacer\"><\/div>\n\n\n\n<div class=\"wp-block-columns display-flex-justify-center bloque-equipo is-layout-flex wp-container-core-columns-is-layout-9d6595d7 wp-block-columns-is-layout-flex\">\n<div class=\"wp-block-column is-layout-flow wp-block-column-is-layout-flow\" style=\"flex-basis:90%\">\n<div class=\"wp-block-columns display-flex-justify-space-between equipo-columna is-layout-flex wp-container-core-columns-is-layout-9d6595d7 wp-block-columns-is-layout-flex\">\n<div class=\"wp-block-column maxwidth-300px is-layout-flow wp-block-column-is-layout-flow\" style=\"border-width:1px;flex-basis:25%\">\n<div class=\"wp-block-columns is-layout-flex wp-container-core-columns-is-layout-9d6595d7 wp-block-columns-is-layout-flex\">\n<div class=\"wp-block-column is-layout-flow wp-block-column-is-layout-flow\"><div class=\"wp-block-image\">\n<figure class=\"aligncenter size-full is-resized\"><img loading=\"lazy\" decoding=\"async\" width=\"670\" height=\"648\" src=\"https:\/\/bufetecaldentey.com\/wp-content\/uploads\/2026\/02\/GUILLERMO-CALDENTEY-1.png\" alt=\"\" class=\"wp-image-732\" style=\"width:auto;height:225px\" srcset=\"https:\/\/bufetecaldentey.com\/wp-content\/uploads\/2026\/02\/GUILLERMO-CALDENTEY-1.png 670w, https:\/\/bufetecaldentey.com\/wp-content\/uploads\/2026\/02\/GUILLERMO-CALDENTEY-1-300x290.png 300w, https:\/\/bufetecaldentey.com\/wp-content\/uploads\/2026\/02\/GUILLERMO-CALDENTEY-1-12x12.png 12w\" sizes=\"auto, (max-width: 670px) 100vw, 670px\" \/><\/figure>\n<\/div>\n\n\n<p class=\"has-text-align-center has-text-color has-link-color wp-elements-6512503f176ed0c10dd7e0f111066b7a\" style=\"color:#b28080;font-size:19px\">GUILLERMO CALDENTEY<br>HIGUERAS<\/p>\n\n\n\n<p class=\"has-text-align-center has-text-color has-link-color wp-elements-079eeae8e3b6383ad4cd985fe788b885\" style=\"color:#b28080;font-size:14px\">PARTNER - LAWYER<\/p>\n<\/div>\n<\/div>\n<\/div>\n\n\n\n<div class=\"wp-block-column maxwidth-300px is-layout-flow wp-block-column-is-layout-flow\" style=\"border-width:1px;flex-basis:25%\">\n<div class=\"wp-block-columns is-layout-flex wp-container-core-columns-is-layout-9d6595d7 wp-block-columns-is-layout-flex\">\n<div class=\"wp-block-column is-layout-flow wp-block-column-is-layout-flow\"><div class=\"wp-block-image\">\n<figure class=\"aligncenter size-full is-resized\"><img loading=\"lazy\" decoding=\"async\" width=\"766\" height=\"740\" src=\"https:\/\/bufetecaldentey.com\/wp-content\/uploads\/2026\/02\/JUAN-JOSE\u2560u-CALDENTEY-1-2.png\" alt=\"\" class=\"wp-image-659\" style=\"width:auto;height:225px\" srcset=\"https:\/\/bufetecaldentey.com\/wp-content\/uploads\/2026\/02\/JUAN-JOSE\u2560u-CALDENTEY-1-2.png 766w, https:\/\/bufetecaldentey.com\/wp-content\/uploads\/2026\/02\/JUAN-JOSE\u2560u-CALDENTEY-1-2-300x290.png 300w\" sizes=\"auto, (max-width: 766px) 100vw, 766px\" \/><\/figure>\n<\/div>\n\n\n<p class=\"has-text-align-center has-text-color has-link-color wp-elements-d840acdf83a370b4744cdb9b6c2050e3\" style=\"color:#b28080;font-size:19px\">JUAN JOS\u00c9 CALDENTEY<br>HIGUERAS<\/p>\n\n\n\n<p class=\"has-text-align-center has-text-color has-link-color wp-elements-0ac6fc092452ce77c30d0d462d012642\" style=\"color:#b28080;font-size:14px\">PARTNER - TAX ADVISOR<\/p>\n<\/div>\n<\/div>\n<\/div>\n\n\n\n<div class=\"wp-block-column maxwidth-300px is-layout-flow wp-block-column-is-layout-flow\" style=\"border-width:1px;flex-basis:25%\">\n<div class=\"wp-block-columns is-layout-flex wp-container-core-columns-is-layout-9d6595d7 wp-block-columns-is-layout-flex\">\n<div class=\"wp-block-column is-layout-flow wp-block-column-is-layout-flow\"><div class=\"wp-block-image\">\n<figure class=\"aligncenter size-full is-resized\"><img loading=\"lazy\" decoding=\"async\" width=\"768\" height=\"743\" src=\"https:\/\/bufetecaldentey.com\/wp-content\/uploads\/2026\/02\/FRANCISCO-CALDENTEY.png\" alt=\"\" class=\"wp-image-641\" style=\"width:auto;height:225px\" srcset=\"https:\/\/bufetecaldentey.com\/wp-content\/uploads\/2026\/02\/FRANCISCO-CALDENTEY.png 768w, https:\/\/bufetecaldentey.com\/wp-content\/uploads\/2026\/02\/FRANCISCO-CALDENTEY-300x290.png 300w\" sizes=\"auto, (max-width: 768px) 100vw, 768px\" \/><\/figure>\n<\/div>\n\n\n<p class=\"has-text-align-center has-text-color has-link-color wp-elements-0a83fccae1be6d417b2a1e10914b5f5a\" style=\"color:#b28080;font-size:19px\">FRANCISCO CALDENTEY<br>HIGUERAS<\/p>\n\n\n\n<p class=\"has-text-align-center has-text-color has-link-color wp-elements-0ac6fc092452ce77c30d0d462d012642\" style=\"color:#b28080;font-size:14px\">PARTNER - TAX ADVISOR<\/p>\n<\/div>\n<\/div>\n<\/div>\n\n\n<\/div>\n<\/div>\n<\/div>\n\n\n\n<div class=\"wp-block-columns display-flex-justify-center bloque-equipo is-layout-flex wp-container-core-columns-is-layout-9d6595d7 wp-block-columns-is-layout-flex\">\n<div class=\"wp-block-column is-layout-flow wp-block-column-is-layout-flow\" style=\"flex-basis:90%\">\n<div class=\"wp-block-columns display-flex-justify-space-between equipo-columna is-layout-flex wp-container-core-columns-is-layout-9d6595d7 wp-block-columns-is-layout-flex\">\n<div class=\"wp-block-column maxwidth-300px is-layout-flow wp-block-column-is-layout-flow\" style=\"border-width:1px;flex-basis:25%\">\n<div class=\"wp-block-columns is-layout-flex wp-container-core-columns-is-layout-9d6595d7 wp-block-columns-is-layout-flex\">\n<div class=\"wp-block-column is-layout-flow wp-block-column-is-layout-flow\"><div class=\"wp-block-image\">\n<figure class=\"aligncenter size-full is-resized\"><img loading=\"lazy\" decoding=\"async\" width=\"636\" height=\"617\" src=\"https:\/\/bufetecaldentey.com\/wp-content\/uploads\/2026\/02\/MARIAN-ISERN-1.png\" alt=\"\" class=\"wp-image-643\" style=\"width:auto;height:225px\" srcset=\"https:\/\/bufetecaldentey.com\/wp-content\/uploads\/2026\/02\/MARIAN-ISERN-1.png 636w, https:\/\/bufetecaldentey.com\/wp-content\/uploads\/2026\/02\/MARIAN-ISERN-1-300x291.png 300w\" sizes=\"auto, (max-width: 636px) 100vw, 636px\" \/><\/figure>\n<\/div>\n\n\n<p class=\"has-text-align-center has-text-color has-link-color wp-elements-7f238fb3cf811c0907964b6f163455a3\" style=\"color:#b28080;font-size:19px\">MARIAN ISERN GARAU<\/p>\n\n\n\n<p class=\"has-text-align-center has-text-color has-link-color wp-elements-667f1c226c72b7c8a7ee6f512174af99\" style=\"color:#b28080;font-size:14px\">LEGAL<\/p>\n<\/div>\n<\/div>\n<\/div>\n\n\n\n<div class=\"wp-block-column maxwidth-300px is-layout-flow wp-block-column-is-layout-flow\" style=\"border-width:1px;flex-basis:25%\">\n<div class=\"wp-block-columns is-layout-flex wp-container-core-columns-is-layout-9d6595d7 wp-block-columns-is-layout-flex\">\n<div class=\"wp-block-column is-layout-flow wp-block-column-is-layout-flow\"><div class=\"wp-block-image\">\n<figure class=\"aligncenter size-full is-resized\"><img loading=\"lazy\" decoding=\"async\" width=\"660\" height=\"638\" src=\"https:\/\/bufetecaldentey.com\/wp-content\/uploads\/2026\/02\/JOSE\u2560u-VICENTE-JIME\u2560uNEZ-1.png\" alt=\"\" class=\"wp-image-645\" style=\"width:auto;height:225px\" srcset=\"https:\/\/bufetecaldentey.com\/wp-content\/uploads\/2026\/02\/JOSE\u2560u-VICENTE-JIME\u2560uNEZ-1.png 660w, https:\/\/bufetecaldentey.com\/wp-content\/uploads\/2026\/02\/JOSE\u2560u-VICENTE-JIME\u2560uNEZ-1-300x290.png 300w\" sizes=\"auto, (max-width: 660px) 100vw, 660px\" \/><\/figure>\n<\/div>\n\n\n<p class=\"has-text-align-center has-text-color has-link-color wp-elements-fbdf7a5c6d45ff790a9dda5eebce4560\" style=\"color:#b28080;font-size:19px\">JOS\u00c9 VICENTE JIM\u00c9NEZ RIBAS<\/p>\n\n\n\n<p class=\"has-text-align-center has-text-color has-link-color wp-elements-313e9331ce4390dfb3d5e0f3de79393b\" style=\"color:#b28080;font-size:14px\">ACCOUNTANT<\/p>\n<\/div>\n<\/div>\n<\/div>\n\n\n\n<div class=\"wp-block-column maxwidth-300px is-layout-flow wp-block-column-is-layout-flow\" style=\"border-width:1px;flex-basis:25%\">\n<div class=\"wp-block-columns is-layout-flex wp-container-core-columns-is-layout-9d6595d7 wp-block-columns-is-layout-flex\">\n<div class=\"wp-block-column is-layout-flow wp-block-column-is-layout-flow\"><div class=\"wp-block-image\">\n<figure class=\"aligncenter size-full is-resized\"><img loading=\"lazy\" decoding=\"async\" width=\"668\" height=\"642\" src=\"https:\/\/bufetecaldentey.com\/wp-content\/uploads\/2026\/02\/MARIOLA-SERRA-1.png\" alt=\"\" class=\"wp-image-647\" style=\"width:auto;height:225px\" srcset=\"https:\/\/bufetecaldentey.com\/wp-content\/uploads\/2026\/02\/MARIOLA-SERRA-1.png 668w, https:\/\/bufetecaldentey.com\/wp-content\/uploads\/2026\/02\/MARIOLA-SERRA-1-300x288.png 300w\" sizes=\"auto, (max-width: 668px) 100vw, 668px\" \/><\/figure>\n<\/div>\n\n\n<p class=\"has-text-align-center has-text-color has-link-color wp-elements-58d3a480abc3c3efef7021ebdf87f7eb\" style=\"color:#b28080;font-size:19px\">MARIOLA SERRA GUBLER<\/p>\n\n\n\n<p class=\"has-text-align-center has-text-color has-link-color wp-elements-313e9331ce4390dfb3d5e0f3de79393b\" style=\"color:#b28080;font-size:14px\">ACCOUNTANT<\/p>\n<\/div>\n<\/div>\n<\/div>\n\n\n<\/div>\n<\/div>\n<\/div>\n\n\n\n<div class=\"wp-block-columns display-flex-justify-center bloque-equipo is-layout-flex wp-container-core-columns-is-layout-9d6595d7 wp-block-columns-is-layout-flex\">\n<div class=\"wp-block-column is-layout-flow wp-block-column-is-layout-flow\" style=\"flex-basis:90%\">\n<div class=\"wp-block-columns display-flex-justify-space-between equipo-columna is-layout-flex wp-container-core-columns-is-layout-9d6595d7 wp-block-columns-is-layout-flex\">\n<div class=\"wp-block-column maxwidth-300px is-layout-flow wp-block-column-is-layout-flow\" style=\"border-width:1px;flex-basis:25%\">\n<div class=\"wp-block-columns is-layout-flex wp-container-core-columns-is-layout-9d6595d7 wp-block-columns-is-layout-flex\">\n<div class=\"wp-block-column is-layout-flow wp-block-column-is-layout-flow\"><div class=\"wp-block-image\">\n<figure class=\"aligncenter size-full is-resized\"><img loading=\"lazy\" decoding=\"async\" width=\"598\" height=\"575\" src=\"https:\/\/bufetecaldentey.com\/wp-content\/uploads\/2026\/02\/GABRIELA-VALENCIA-1.png\" alt=\"\" class=\"wp-image-649\" style=\"width:auto;height:225px\" srcset=\"https:\/\/bufetecaldentey.com\/wp-content\/uploads\/2026\/02\/GABRIELA-VALENCIA-1.png 598w, https:\/\/bufetecaldentey.com\/wp-content\/uploads\/2026\/02\/GABRIELA-VALENCIA-1-300x288.png 300w\" sizes=\"auto, (max-width: 598px) 100vw, 598px\" \/><\/figure>\n<\/div>\n\n\n<p class=\"has-text-align-center has-text-color has-link-color wp-elements-baa217283eb21a7be24ecb0c19e5b6ab\" style=\"color:#b28080;font-size:19px\">GABRIELA VALENCIA FIALLOS<\/p>\n\n\n\n<p class=\"has-text-align-center has-text-color has-link-color wp-elements-313e9331ce4390dfb3d5e0f3de79393b\" style=\"color:#b28080;font-size:14px\">ACCOUNTANT<\/p>\n<\/div>\n<\/div>\n<\/div>\n\n\n\n<div class=\"wp-block-column maxwidth-300px is-layout-flow wp-block-column-is-layout-flow\" style=\"border-width:1px;flex-basis:25%\">\n<div class=\"wp-block-columns is-layout-flex wp-container-core-columns-is-layout-9d6595d7 wp-block-columns-is-layout-flex\">\n<div class=\"wp-block-column is-layout-flow wp-block-column-is-layout-flow\"><div class=\"wp-block-image\">\n<figure class=\"aligncenter size-full is-resized\"><img loading=\"lazy\" decoding=\"async\" width=\"612\" height=\"584\" src=\"https:\/\/bufetecaldentey.com\/wp-content\/uploads\/2026\/02\/FRANCISCA-RODRI\u2560uGUEZ-1.png\" alt=\"\" class=\"wp-image-651\" style=\"width:auto;height:225px\" srcset=\"https:\/\/bufetecaldentey.com\/wp-content\/uploads\/2026\/02\/FRANCISCA-RODRI\u2560uGUEZ-1.png 612w, https:\/\/bufetecaldentey.com\/wp-content\/uploads\/2026\/02\/FRANCISCA-RODRI\u2560uGUEZ-1-300x286.png 300w\" sizes=\"auto, (max-width: 612px) 100vw, 612px\" \/><\/figure>\n<\/div>\n\n\n<p class=\"has-text-align-center has-text-color has-link-color wp-elements-cb58b648c0aeaf0bf10a63b3e0c3e90e\" style=\"color:#b28080;font-size:19px\">FRANCISCA RODR\u00cdGUEZ JUAN<\/p>\n\n\n\n<p class=\"has-text-align-center has-text-color has-link-color wp-elements-313e9331ce4390dfb3d5e0f3de79393b\" style=\"color:#b28080;font-size:14px\">ACCOUNTANT<\/p>\n<\/div>\n<\/div>\n<\/div>\n\n\n\n<div class=\"wp-block-column maxwidth-300px is-layout-flow wp-block-column-is-layout-flow\" style=\"border-width:1px;flex-basis:25%\">\n<div class=\"wp-block-columns is-layout-flex wp-container-core-columns-is-layout-9d6595d7 wp-block-columns-is-layout-flex\">\n<div class=\"wp-block-column is-layout-flow wp-block-column-is-layout-flow\"><div class=\"wp-block-image\">\n<figure class=\"aligncenter size-full is-resized\"><img loading=\"lazy\" decoding=\"async\" width=\"704\" height=\"676\" src=\"https:\/\/bufetecaldentey.com\/wp-content\/uploads\/2026\/02\/MARGA-VIVES-1.png\" alt=\"\" class=\"wp-image-653\" style=\"width:auto;height:225px\" srcset=\"https:\/\/bufetecaldentey.com\/wp-content\/uploads\/2026\/02\/MARGA-VIVES-1.png 704w, https:\/\/bufetecaldentey.com\/wp-content\/uploads\/2026\/02\/MARGA-VIVES-1-300x288.png 300w\" sizes=\"auto, (max-width: 704px) 100vw, 704px\" \/><\/figure>\n<\/div>\n\n\n<p class=\"has-text-align-center has-text-color has-link-color wp-elements-53e485720d54e39311b2e8d1779d8e5a\" style=\"color:#b28080;font-size:19px\">MARGA VIVES ALBERTI<\/p>\n\n\n\n<p class=\"has-text-align-center has-text-color has-link-color wp-elements-313e9331ce4390dfb3d5e0f3de79393b\" style=\"color:#b28080;font-size:14px\">ACCOUNTANT<\/p>\n<\/div>\n<\/div>\n<\/div>\n\n\n<\/div>\n<\/div>\n<\/div>\n\n\n\n<div class=\"wp-block-columns display-flex-justify-center bloque-equipo is-layout-flex wp-container-core-columns-is-layout-9d6595d7 wp-block-columns-is-layout-flex\">\n<div class=\"wp-block-column is-layout-flow wp-block-column-is-layout-flow\" style=\"flex-basis:90%\">\n<div class=\"wp-block-columns display-flex-justify-space-between equipo-ultima-columna is-layout-flex wp-container-core-columns-is-layout-9d6595d7 wp-block-columns-is-layout-flex\">\n<div class=\"wp-block-column maxwidth-300px is-layout-flow wp-block-column-is-layout-flow\" style=\"border-width:1px;flex-basis:25%\">\n<div class=\"wp-block-columns is-layout-flex wp-container-core-columns-is-layout-9d6595d7 wp-block-columns-is-layout-flex\">\n<div class=\"wp-block-column is-layout-flow wp-block-column-is-layout-flow\"><div class=\"wp-block-image\">\n<figure class=\"aligncenter size-full is-resized\"><img loading=\"lazy\" decoding=\"async\" width=\"606\" height=\"581\" src=\"https:\/\/bufetecaldentey.com\/wp-content\/uploads\/2026\/02\/MARI-CARMEN-MONTIEL-1.png\" alt=\"\" class=\"wp-image-655\" style=\"width:auto;height:225px\" srcset=\"https:\/\/bufetecaldentey.com\/wp-content\/uploads\/2026\/02\/MARI-CARMEN-MONTIEL-1.png 606w, https:\/\/bufetecaldentey.com\/wp-content\/uploads\/2026\/02\/MARI-CARMEN-MONTIEL-1-300x288.png 300w\" sizes=\"auto, (max-width: 606px) 100vw, 606px\" \/><\/figure>\n<\/div>\n\n\n<p class=\"has-text-align-center has-text-color has-link-color wp-elements-a2bf2a9867de26b6e740179386b29e1f\" style=\"color:#b28080;font-size:19px\">MARI CARMEN MONTIEL MAR\u00cdN<\/p>\n\n\n\n<p class=\"has-text-align-center has-text-color has-link-color wp-elements-c6e519487cdaea3103a272d515302743\" style=\"color:#b28080;font-size:14px\">SOCIAL GRADUATE<\/p>\n<\/div>\n<\/div>\n<\/div>\n\n\n\n<div class=\"wp-block-column maxwidth-300px is-layout-flow wp-block-column-is-layout-flow\" style=\"border-width:1px;flex-basis:25%\">\n<div class=\"wp-block-columns is-layout-flex wp-container-core-columns-is-layout-9d6595d7 wp-block-columns-is-layout-flex\">\n<div class=\"wp-block-column is-layout-flow wp-block-column-is-layout-flow\"><div class=\"wp-block-image\">\n<figure class=\"aligncenter size-full is-resized\"><img loading=\"lazy\" decoding=\"async\" width=\"660\" height=\"637\" src=\"https:\/\/bufetecaldentey.com\/wp-content\/uploads\/2026\/02\/MARIA-ANTONIA-RAMO\u2560uN-1.png\" alt=\"\" class=\"wp-image-657\" style=\"width:auto;height:225px\" srcset=\"https:\/\/bufetecaldentey.com\/wp-content\/uploads\/2026\/02\/MARIA-ANTONIA-RAMO\u2560uN-1.png 660w, https:\/\/bufetecaldentey.com\/wp-content\/uploads\/2026\/02\/MARIA-ANTONIA-RAMO\u2560uN-1-300x290.png 300w\" sizes=\"auto, (max-width: 660px) 100vw, 660px\" \/><\/figure>\n<\/div>\n\n\n<p class=\"has-text-align-center has-text-color has-link-color wp-elements-0d7f870bddc1738738838f92437fc708\" style=\"color:#b28080;font-size:19px\">MARIA ANTONIA RAM\u00d3N MARQU\u00c9S<\/p>\n\n\n\n<p class=\"has-text-align-center has-text-color has-link-color wp-elements-a1ca0061877e1955c28be6f11f839f87\" style=\"color:#b28080;font-size:14px\">ADMINISTRATION<\/p>\n<\/div>\n<\/div>\n<\/div>\n\n\n<\/div>\n<\/div>\n<\/div>\n\n\n\n<p><\/p>","protected":false},"excerpt":{"rendered":"<p>GUILLERMO CALDENTEYHIGUERAS SOCIO &#8211; ABOGADO JUAN JOS\u00c9 CALDENTEYHIGUERAS SOCIO &#8211; ASESOR FISCAL FRANCISCO CALDENTEYHIGUERAS SOCIO &#8211; ASESOR FISCAL JUAN JOS\u00c9 CALDENTEYHIGUERAS SOCIO &#8211; FISCAL MARIAN ISERN GARAU JUR\u00cdDICO JOS\u00c9 VICENTE JIM\u00c9NEZ RIBAS CONTABLE MARIOLA SERRA GUBLER CONTABLE JUAN JOS\u00c9 CALDENTEYHIGUERAS SOCIO &#8211; FISCAL GABRIELA VALENCIA FIALLOS CONTABLE FRANCISCA RODR\u00cdGUEZ JUAN CONTABLE MARGA VIVES ALBERTI CONTABLE&#8230;<\/p>","protected":false},"author":1,"featured_media":0,"parent":0,"menu_order":0,"comment_status":"closed","ping_status":"closed","template":"","meta":{"_kad_post_transparent":"","_kad_post_title":"","_kad_post_layout":"","_kad_post_sidebar_id":"","_kad_post_content_style":"","_kad_post_vertical_padding":"","_kad_post_feature":"","_kad_post_feature_position":"","_kad_post_header":false,"_kad_post_footer":false,"_kad_post_classname":"","footnotes":""},"class_list":["post-438","page","type-page","status-publish","hentry"],"_links":{"self":[{"href":"https:\/\/bufetecaldentey.com\/en\/wp-json\/wp\/v2\/pages\/438","targetHints":{"allow":["GET"]}}],"collection":[{"href":"https:\/\/bufetecaldentey.com\/en\/wp-json\/wp\/v2\/pages"}],"about":[{"href":"https:\/\/bufetecaldentey.com\/en\/wp-json\/wp\/v2\/types\/page"}],"author":[{"embeddable":true,"href":"https:\/\/bufetecaldentey.com\/en\/wp-json\/wp\/v2\/users\/1"}],"replies":[{"embeddable":true,"href":"https:\/\/bufetecaldentey.com\/en\/wp-json\/wp\/v2\/comments?post=438"}],"version-history":[{"count":79,"href":"https:\/\/bufetecaldentey.com\/en\/wp-json\/wp\/v2\/pages\/438\/revisions"}],"predecessor-version":[{"id":763,"href":"https:\/\/bufetecaldentey.com\/en\/wp-json\/wp\/v2\/pages\/438\/revisions\/763"}],"wp:attachment":[{"href":"https:\/\/bufetecaldentey.com\/en\/wp-json\/wp\/v2\/media?parent=438"}],"curies":[{"name":"wp","href":"https:\/\/api.w.org\/{rel}","templated":true}]}}