{"id":759,"date":"2026-02-16T16:12:11","date_gmt":"2026-02-16T16:12:11","guid":{"rendered":"https:\/\/bufetecaldentey.com\/?page_id=759"},"modified":"2026-02-25T09:18:26","modified_gmt":"2026-02-25T09:18:26","slug":"aviso-legal","status":"publish","type":"page","link":"https:\/\/bufetecaldentey.com\/en\/aviso-legal\/","title":{"rendered":"Legal notice"},"content":{"rendered":"<div class=\"wp-block-cover alignfull bloque-cabecera-otros\" style=\"min-height:100px;aspect-ratio:unset;\"><img loading=\"lazy\" decoding=\"async\" width=\"1024\" height=\"683\" class=\"wp-block-cover__image-background wp-image-95 size-large\" alt=\"\" src=\"https:\/\/bufetecaldentey.com\/wp-content\/uploads\/2026\/02\/4-2-1024x683.png\" style=\"object-position:47% 7%\" data-object-fit=\"cover\" data-object-position=\"47% 7%\" srcset=\"https:\/\/bufetecaldentey.com\/wp-content\/uploads\/2026\/02\/4-2-1024x683.png 1024w, https:\/\/bufetecaldentey.com\/wp-content\/uploads\/2026\/02\/4-2-300x200.png 300w, https:\/\/bufetecaldentey.com\/wp-content\/uploads\/2026\/02\/4-2-768x512.png 768w, https:\/\/bufetecaldentey.com\/wp-content\/uploads\/2026\/02\/4-2.png 1500w\" sizes=\"auto, (max-width: 1024px) 100vw, 1024px\" \/><span aria-hidden=\"true\" class=\"wp-block-cover__background has-background-dim-0 has-background-dim\"><\/span><div class=\"wp-block-cover__inner-container is-layout-flow wp-block-cover-is-layout-flow\">\n<div class=\"wp-block-group alignfull is-style-default has-small-font-size\"><div class=\"wp-block-group__inner-container is-layout-flow wp-block-group-is-layout-flow\">\n<div class=\"wp-block-columns is-layout-flex wp-container-core-columns-is-layout-9d6595d7 wp-block-columns-is-layout-flex\">\n<div class=\"wp-block-column is-layout-flow wp-block-column-is-layout-flow\">\n<div style=\"height:280px\" aria-hidden=\"true\" class=\"wp-block-spacer\"><\/div>\n\n\n\n<div class=\"wp-block-columns is-layout-flex wp-container-core-columns-is-layout-9d6595d7 wp-block-columns-is-layout-flex\">\n<div class=\"wp-block-column is-layout-flow wp-block-column-is-layout-flow\" style=\"flex-basis:100%\">\n<div class=\"wp-block-columns is-layout-flex wp-container-core-columns-is-layout-9d6595d7 wp-block-columns-is-layout-flex\">\n<div class=\"wp-block-column div-texto-vertical is-layout-flow wp-block-column-is-layout-flow\" style=\"flex-basis:5%\"><\/div>\n\n\n\n<div class=\"wp-block-column is-layout-flow wp-block-column-is-layout-flow\" style=\"flex-basis:99%\">\n<p class=\"aktivgroteskexlight encabezado-cabecera mobile-margin-left-25\" style=\"font-size:80px\">Legal notice<\/p>\n<\/div>\n<\/div>\n<\/div>\n\n\n\n<div class=\"wp-block-column is-vertically-aligned-bottom div-25anos is-layout-flow wp-block-column-is-layout-flow\" style=\"flex-basis:20%\"><\/div>\n<\/div>\n<\/div>\n<\/div>\n<\/div><\/div>\n\n\n\n<div style=\"height:5px\" aria-hidden=\"true\" class=\"wp-block-spacer\"><\/div>\n<\/div><\/div>\n\n\n\n<div style=\"height:50px\" aria-hidden=\"true\" class=\"wp-block-spacer\"><\/div>\n\n\n\n<p>Website owner: BUFETE TRIBUTARIO DE BALEARES S.L. (Tax ID number B57241762), registered address at Pasaje Galer\u00edas Jaime III, 2 \u2013 7E, 07012, Palma (Balearic Islands), email bufete@bufetecaldentey.com. Accessing and using bufetecaldentey.com confers the status of user and implies acceptance of these terms.<\/p>\n\n\n\n<p class=\"has-medium-font-size\"><strong>1. Purpose<\/strong><\/p>\n\n\n\n<p>To provide corporate information about the Firm's services and facilitate channels of communication with potential clients, clients, suppliers, candidates and third parties.<\/p>\n\n\n\n<p class=\"has-medium-font-size\"><strong>2. Terms of use <\/strong><\/p>\n\n\n\n<p>\u2022 Diligent, correct and lawful use of the Website. <\/p>\n\n\n\n<p>\u2022 Prohibition on introducing malware, malicious links, or content that is illegal, offensive, or infringes on the rights of third parties. <\/p>\n\n\n\n<p>\u2022 Compliance with the security measures implemented and the communications network.<\/p>\n\n\n\n<p class=\"has-medium-font-size\"><strong>3. Intellectual and industrial property<\/strong><\/p>\n\n\n\n<p>All content (text, images, logos, design, software) is owned by the Firm or its licensors and is protected. Its reproduction, distribution, public communication or transformation without express authorisation is prohibited.<\/p>\n\n\n\n<p class=\"has-medium-font-size\"><strong>4. External links<\/strong><\/p>\n\n\n\n<p>Links to third-party websites are provided for informational purposes only. The Firm assumes no responsibility for their content or availability.<\/p>\n\n\n\n<p class=\"has-medium-font-size\"><strong>5. Limitation of Liability<\/strong><\/p>\n\n\n\n<p>The Firm does not guarantee that there will be no interruptions or errors in access, although it will take the necessary measures to correct them. Users are responsible for the use they make of the information on the Website.<\/p>\n\n\n\n<p class=\"has-medium-font-size\"><strong>6. Data protection<\/strong><\/p>\n\n\n\n<p>The processing of personal data is governed by the Privacy Policy published on the Website.<\/p>\n\n\n\n<p class=\"has-medium-font-size\"><strong>7. Amendments<\/strong><\/p>\n\n\n\n<p>The Firm may modify the content, design or configuration of the Website and these terms without prior notice by publishing the new version on the Website.<\/p>\n\n\n\n<p class=\"has-medium-font-size\"><strong>8. Applicable law and jurisdiction<\/strong><\/p>\n\n\n\n<p>These terms are governed by Spanish law. Unless otherwise required by law, the parties submit to the Courts and Tribunals of Palma de Mallorca.<\/p>\n\n\n\n<div style=\"height:100px\" aria-hidden=\"true\" class=\"wp-block-spacer\"><\/div>","protected":false},"excerpt":{"rendered":"<p>Titular del Sitio Web: BUFETE TRIBUTARIO DE BALEARES S.L. (CIF B57241762), domicilio Pasaje Galer\u00edas Jaime III, 2 \u2013 7E, 07012, Palma (Illes Balears), correo bufete@bufetecaldentey.com. El acceso y uso de bufetecaldentey.com atribuye la condici\u00f3n de usuario e implica la aceptaci\u00f3n de los presentes t\u00e9rminos. 1. Objeto Proporcionar informaci\u00f3n corporativa sobre los servicios del Despacho y&#8230;<\/p>","protected":false},"author":2,"featured_media":0,"parent":0,"menu_order":0,"comment_status":"closed","ping_status":"closed","template":"","meta":{"_kad_post_transparent":"","_kad_post_title":"","_kad_post_layout":"","_kad_post_sidebar_id":"","_kad_post_content_style":"","_kad_post_vertical_padding":"","_kad_post_feature":"","_kad_post_feature_position":"","_kad_post_header":false,"_kad_post_footer":false,"_kad_post_classname":"","footnotes":""},"class_list":["post-759","page","type-page","status-publish","hentry"],"_links":{"self":[{"href":"https:\/\/bufetecaldentey.com\/en\/wp-json\/wp\/v2\/pages\/759","targetHints":{"allow":["GET"]}}],"collection":[{"href":"https:\/\/bufetecaldentey.com\/en\/wp-json\/wp\/v2\/pages"}],"about":[{"href":"https:\/\/bufetecaldentey.com\/en\/wp-json\/wp\/v2\/types\/page"}],"author":[{"embeddable":true,"href":"https:\/\/bufetecaldentey.com\/en\/wp-json\/wp\/v2\/users\/2"}],"replies":[{"embeddable":true,"href":"https:\/\/bufetecaldentey.com\/en\/wp-json\/wp\/v2\/comments?post=759"}],"version-history":[{"count":2,"href":"https:\/\/bufetecaldentey.com\/en\/wp-json\/wp\/v2\/pages\/759\/revisions"}],"predecessor-version":[{"id":783,"href":"https:\/\/bufetecaldentey.com\/en\/wp-json\/wp\/v2\/pages\/759\/revisions\/783"}],"wp:attachment":[{"href":"https:\/\/bufetecaldentey.com\/en\/wp-json\/wp\/v2\/media?parent=759"}],"curies":[{"name":"wp","href":"https:\/\/api.w.org\/{rel}","templated":true}]}}